{"id":277,"date":"2025-07-28T21:04:04","date_gmt":"2025-07-28T19:04:04","guid":{"rendered":"https:\/\/laurianedine.com\/?page_id=277"},"modified":"2025-07-29T10:22:37","modified_gmt":"2025-07-29T08:22:37","slug":"a-propos","status":"publish","type":"page","link":"https:\/\/laurianedine.com\/en\/a-propos\/","title":{"rendered":"About us"},"content":{"rendered":"<style>.kb-row-layout-id277_4a8bdf-27 > .kt-row-column-wrap{align-content:start;}:where(.kb-row-layout-id277_4a8bdf-27 > .kt-row-column-wrap) > .wp-block-kadence-column{justify-content:start;}.kb-row-layout-id277_4a8bdf-27 > .kt-row-column-wrap{column-gap:var(--global-kb-gap-md, 2rem);row-gap:var(--global-kb-gap-md, 2rem);padding-top:var(--global-kb-spacing-sm, 1.5rem);padding-bottom:var(--global-kb-spacing-sm, 1.5rem);grid-template-columns:repeat(2, minmax(0, 1fr));}.kb-row-layout-id277_4a8bdf-27 > .kt-row-layout-overlay{opacity:0.30;}@media all and (max-width: 1024px){.kb-row-layout-id277_4a8bdf-27 > .kt-row-column-wrap{grid-template-columns:repeat(2, minmax(0, 1fr));}}@media all and (max-width: 767px){.kb-row-layout-id277_4a8bdf-27 > .kt-row-column-wrap{grid-template-columns:minmax(0, 1fr);}}<\/style><div class=\"kb-row-layout-wrap kb-row-layout-id277_4a8bdf-27 alignnone wp-block-kadence-rowlayout\"><div class=\"kt-row-column-wrap kt-has-2-columns kt-row-layout-equal kt-tab-layout-inherit kt-mobile-layout-row kt-row-valign-top\">\n<style>.kadence-column277_626dfb-ad > .kt-inside-inner-col,.kadence-column277_626dfb-ad > .kt-inside-inner-col:before{border-top-left-radius:0px;border-top-right-radius:0px;border-bottom-right-radius:0px;border-bottom-left-radius:0px;}.kadence-column277_626dfb-ad > .kt-inside-inner-col{column-gap:var(--global-kb-gap-sm, 1rem);}.kadence-column277_626dfb-ad > .kt-inside-inner-col{flex-direction:column;}.kadence-column277_626dfb-ad > .kt-inside-inner-col > .aligncenter{width:100%;}.kadence-column277_626dfb-ad > .kt-inside-inner-col:before{opacity:0.3;}.kadence-column277_626dfb-ad{position:relative;}@media all and (max-width: 1024px){.kadence-column277_626dfb-ad > .kt-inside-inner-col{flex-direction:column;justify-content:center;}}@media all and (max-width: 767px){.kadence-column277_626dfb-ad > .kt-inside-inner-col{flex-direction:column;justify-content:center;}}<\/style>\n<div class=\"wp-block-kadence-column kadence-column277_626dfb-ad\"><div class=\"kt-inside-inner-col\"><style>.wp-block-kadence-advancedheading.kt-adv-heading277_a7cc71-e4, .wp-block-kadence-advancedheading.kt-adv-heading277_a7cc71-e4[data-kb-block=\"kb-adv-heading277_a7cc71-e4\"]{font-style:normal;}.wp-block-kadence-advancedheading.kt-adv-heading277_a7cc71-e4 mark.kt-highlight, .wp-block-kadence-advancedheading.kt-adv-heading277_a7cc71-e4[data-kb-block=\"kb-adv-heading277_a7cc71-e4\"] mark.kt-highlight{font-style:normal;color:#f76a0c;-webkit-box-decoration-break:clone;box-decoration-break:clone;padding-top:0px;padding-right:0px;padding-bottom:0px;padding-left:0px;}.wp-block-kadence-advancedheading.kt-adv-heading277_a7cc71-e4 img.kb-inline-image, .wp-block-kadence-advancedheading.kt-adv-heading277_a7cc71-e4[data-kb-block=\"kb-adv-heading277_a7cc71-e4\"] img.kb-inline-image{width:150px;vertical-align:baseline;}<\/style>\n<h2 class=\"kt-adv-heading277_a7cc71-e4 wp-block-kadence-advancedheading\" data-kb-block=\"kb-adv-heading277_a7cc71-e4\">Studio<\/h2>\n\n\n<style>.wp-block-kadence-advancedgallery .kb-gallery-type-grid.kb-gallery-id-277_50bd37-35{margin:-5px;}.kb-gallery-type-grid.kb-gallery-id-277_50bd37-35 .kadence-blocks-gallery-item{padding:5px;}.kb-gallery-id-277_50bd37-35 .kadence-blocks-gallery-item .kb-gal-image-radius, .kb-gallery-id-277_50bd37-35 .kb-slide-item .kb-gal-image-radius img{border-radius:0px 0px 0px 0px;;}<\/style><div class=\"kb-gallery-wrap-id-277_50bd37-35 alignnone wp-block-kadence-advancedgallery\"><ul class=\"kb-gallery-ul kb-gallery-non-static kb-gallery-type-grid kb-gallery-id-277_50bd37-35 kb-gallery-caption-style-bottom-hover kb-gallery-filter-none\" data-image-filter=\"none\" data-item-selector=\".kadence-blocks-gallery-item\" data-lightbox-caption=\"true\" data-columns-xxl=\"2\" data-columns-xl=\"2\" data-columns-md=\"2\" data-columns-sm=\"2\" data-columns-xs=\"1\" data-columns-ss=\"1\"><li class=\"kadence-blocks-gallery-item\" tabindex=\"0\"><div class=\"kadence-blocks-gallery-item-inner\"><figure class=\"kb-gallery-figure kadence-blocks-gallery-item-hide-caption\"><div class=\"kb-gal-image-radius\"><div class=\"kb-gallery-image-contain kadence-blocks-gallery-intrinsic kb-gallery-image-ratio-port34 kb-has-image-ratio-port34\" ><img loading=\"lazy\" decoding=\"async\" src=\"https:\/\/laurianedine.com\/wp-content\/uploads\/sites\/36\/2025\/07\/IMG_6777-818x1024.jpeg\" width=\"818\" height=\"1024\" alt=\"\" data-full-image=\"https:\/\/laurianedine.com\/wp-content\/uploads\/sites\/36\/2025\/07\/IMG_6777.jpeg\" data-light-image=\"https:\/\/laurianedine.com\/wp-content\/uploads\/sites\/36\/2025\/07\/IMG_6777.jpeg\" data-id=\"317\" class=\"wp-image-317\" srcset=\"https:\/\/laurianedine.com\/wp-content\/uploads\/sites\/36\/2025\/07\/IMG_6777-818x1024.jpeg 818w, https:\/\/laurianedine.com\/wp-content\/uploads\/sites\/36\/2025\/07\/IMG_6777-240x300.jpeg 240w, https:\/\/laurianedine.com\/wp-content\/uploads\/sites\/36\/2025\/07\/IMG_6777-768x962.jpeg 768w, https:\/\/laurianedine.com\/wp-content\/uploads\/sites\/36\/2025\/07\/IMG_6777-1227x1536.jpeg 1227w, https:\/\/laurianedine.com\/wp-content\/uploads\/sites\/36\/2025\/07\/IMG_6777-10x12.jpeg 10w, https:\/\/laurianedine.com\/wp-content\/uploads\/sites\/36\/2025\/07\/IMG_6777-1200x1502.jpeg 1200w, https:\/\/laurianedine.com\/wp-content\/uploads\/sites\/36\/2025\/07\/IMG_6777.jpeg 1484w\" sizes=\"auto, (max-width: 818px) 100vw, 818px\" \/><\/div><\/div><\/figure><\/div><\/li><li class=\"kadence-blocks-gallery-item\" tabindex=\"0\"><div class=\"kadence-blocks-gallery-item-inner\"><figure class=\"kb-gallery-figure kadence-blocks-gallery-item-hide-caption\"><div class=\"kb-gal-image-radius\"><div class=\"kb-gallery-image-contain kadence-blocks-gallery-intrinsic kb-gallery-image-ratio-port34 kb-has-image-ratio-port34\" ><img loading=\"lazy\" decoding=\"async\" src=\"https:\/\/laurianedine.com\/wp-content\/uploads\/sites\/36\/2025\/07\/IMG_6778-818x1024.jpeg\" width=\"818\" height=\"1024\" alt=\"\" data-full-image=\"https:\/\/laurianedine.com\/wp-content\/uploads\/sites\/36\/2025\/07\/IMG_6778.jpeg\" data-light-image=\"https:\/\/laurianedine.com\/wp-content\/uploads\/sites\/36\/2025\/07\/IMG_6778.jpeg\" data-id=\"318\" class=\"wp-image-318\" srcset=\"https:\/\/laurianedine.com\/wp-content\/uploads\/sites\/36\/2025\/07\/IMG_6778-818x1024.jpeg 818w, https:\/\/laurianedine.com\/wp-content\/uploads\/sites\/36\/2025\/07\/IMG_6778-240x300.jpeg 240w, https:\/\/laurianedine.com\/wp-content\/uploads\/sites\/36\/2025\/07\/IMG_6778-768x961.jpeg 768w, https:\/\/laurianedine.com\/wp-content\/uploads\/sites\/36\/2025\/07\/IMG_6778-1227x1536.jpeg 1227w, https:\/\/laurianedine.com\/wp-content\/uploads\/sites\/36\/2025\/07\/IMG_6778-10x12.jpeg 10w, https:\/\/laurianedine.com\/wp-content\/uploads\/sites\/36\/2025\/07\/IMG_6778-1200x1502.jpeg 1200w, https:\/\/laurianedine.com\/wp-content\/uploads\/sites\/36\/2025\/07\/IMG_6778.jpeg 1481w\" sizes=\"auto, (max-width: 818px) 100vw, 818px\" \/><\/div><\/div><\/figure><\/div><\/li><\/ul><\/div>\n\n\n<p><br>Contactez-moi pour une visite de mon atelier. <br>Rue Franz-Flemming. 9 &#8211; 04179 Leipzig<\/p>\n<\/div><\/div>\n\n\n<style>.kadence-column277_0bdcfb-71 > .kt-inside-inner-col,.kadence-column277_0bdcfb-71 > .kt-inside-inner-col:before{border-top-left-radius:0px;border-top-right-radius:0px;border-bottom-right-radius:0px;border-bottom-left-radius:0px;}.kadence-column277_0bdcfb-71 > .kt-inside-inner-col{column-gap:var(--global-kb-gap-sm, 1rem);}.kadence-column277_0bdcfb-71 > .kt-inside-inner-col{flex-direction:column;}.kadence-column277_0bdcfb-71 > .kt-inside-inner-col > .aligncenter{width:100%;}.kadence-column277_0bdcfb-71 > .kt-inside-inner-col:before{opacity:0.3;}.kadence-column277_0bdcfb-71{position:relative;}@media all and (max-width: 1024px){.kadence-column277_0bdcfb-71 > .kt-inside-inner-col{flex-direction:column;justify-content:center;}}@media all and (max-width: 767px){.kadence-column277_0bdcfb-71 > .kt-inside-inner-col{flex-direction:column;justify-content:center;}}<\/style>\n<div class=\"wp-block-kadence-column kadence-column277_0bdcfb-71\"><div class=\"kt-inside-inner-col\"><style>.wp-block-kadence-advancedheading.kt-adv-heading277_ae002e-c6, .wp-block-kadence-advancedheading.kt-adv-heading277_ae002e-c6[data-kb-block=\"kb-adv-heading277_ae002e-c6\"]{font-style:normal;}.wp-block-kadence-advancedheading.kt-adv-heading277_ae002e-c6 mark.kt-highlight, .wp-block-kadence-advancedheading.kt-adv-heading277_ae002e-c6[data-kb-block=\"kb-adv-heading277_ae002e-c6\"] mark.kt-highlight{font-style:normal;color:#f76a0c;-webkit-box-decoration-break:clone;box-decoration-break:clone;padding-top:0px;padding-right:0px;padding-bottom:0px;padding-left:0px;}.wp-block-kadence-advancedheading.kt-adv-heading277_ae002e-c6 img.kb-inline-image, .wp-block-kadence-advancedheading.kt-adv-heading277_ae002e-c6[data-kb-block=\"kb-adv-heading277_ae002e-c6\"] img.kb-inline-image{width:150px;vertical-align:baseline;}<\/style>\n<h2 class=\"kt-adv-heading277_ae002e-c6 wp-block-kadence-advancedheading\" data-kb-block=\"kb-adv-heading277_ae002e-c6\">CV<\/h2>\n\n\n\n<p>Cofondateur de la galerie SHOWER \u00e0 Leipzig (2022-2024)<\/p>\n\n\n<style>.wp-block-kadence-advancedheading.kt-adv-heading277_a03dc7-e2, .wp-block-kadence-advancedheading.kt-adv-heading277_a03dc7-e2[data-kb-block=\"kb-adv-heading277_a03dc7-e2\"]{font-style:normal;}.wp-block-kadence-advancedheading.kt-adv-heading277_a03dc7-e2 mark.kt-highlight, .wp-block-kadence-advancedheading.kt-adv-heading277_a03dc7-e2[data-kb-block=\"kb-adv-heading277_a03dc7-e2\"] mark.kt-highlight{font-style:normal;color:#f76a0c;-webkit-box-decoration-break:clone;box-decoration-break:clone;padding-top:0px;padding-right:0px;padding-bottom:0px;padding-left:0px;}.wp-block-kadence-advancedheading.kt-adv-heading277_a03dc7-e2 img.kb-inline-image, .wp-block-kadence-advancedheading.kt-adv-heading277_a03dc7-e2[data-kb-block=\"kb-adv-heading277_a03dc7-e2\"] img.kb-inline-image{width:150px;vertical-align:baseline;}<\/style>\n<h3 class=\"kt-adv-heading277_a03dc7-e2 wp-block-kadence-advancedheading\" data-kb-block=\"kb-adv-heading277_a03dc7-e2\">\u00c9tudes<\/h3>\n\n\n\n<p>2019 &#8211; Dipl\u00f4me de troisi\u00e8me cycle par le professeur Andrea Zaumseil, Burg Giebichenstein, Halle (Saale)<br>2018 &#8211; Programme d&rsquo;\u00e9change, Institut sup\u00e9rieur de l&rsquo;art, La Havane<br>2015 &#8211; Master of Arts, Acad\u00e9mie des Arts, Le Mans, France<br>2014 &#8211; Programme d&rsquo;\u00e9change avec le professeur Monika Brandmeier, Acad\u00e9mie des arts HFBK, Dresde<\/p>\n\n\n<style>.wp-block-kadence-advancedheading.kt-adv-heading277_d5dcba-a8, .wp-block-kadence-advancedheading.kt-adv-heading277_d5dcba-a8[data-kb-block=\"kb-adv-heading277_d5dcba-a8\"]{font-style:normal;}.wp-block-kadence-advancedheading.kt-adv-heading277_d5dcba-a8 mark.kt-highlight, .wp-block-kadence-advancedheading.kt-adv-heading277_d5dcba-a8[data-kb-block=\"kb-adv-heading277_d5dcba-a8\"] mark.kt-highlight{font-style:normal;color:#f76a0c;-webkit-box-decoration-break:clone;box-decoration-break:clone;padding-top:0px;padding-right:0px;padding-bottom:0px;padding-left:0px;}.wp-block-kadence-advancedheading.kt-adv-heading277_d5dcba-a8 img.kb-inline-image, .wp-block-kadence-advancedheading.kt-adv-heading277_d5dcba-a8[data-kb-block=\"kb-adv-heading277_d5dcba-a8\"] img.kb-inline-image{width:150px;vertical-align:baseline;}<\/style>\n<h3 class=\"kt-adv-heading277_d5dcba-a8 wp-block-kadence-advancedheading\" data-kb-block=\"kb-adv-heading277_d5dcba-a8\">Expositions<\/h3>\n\n\n\n<p><strong>2024<\/strong><\/p>\n\n\n\n<ul class=\"wp-block-list\">\n<li>Softhearted, Kunstquartier Bethanien, Berlin<\/li>\n<\/ul>\n\n\n\n<p><strong>2023<\/strong><\/p>\n\n\n\n<ul class=\"wp-block-list\">\n<li>Wintersaloon, Shower Gallery, Leipzig<\/li>\n\n\n\n<li>Mus\u00e9e du rose, Shower Gallery, Leipzig<\/li>\n\n\n\n<li>Duo, Hochdruckpartner Galerie, Leipzig<\/li>\n\n\n\n<li>Grande ouverture, Shower Gallery, Leipzig<\/li>\n<\/ul>\n\n\n\n<p><strong>2022<\/strong><\/p>\n\n\n\n<ul class=\"wp-block-list\">\n<li>Dernier match, Oswaldz Temporary, Dresde, Allemagne<\/li>\n\n\n\n<li>Chair et Ciel, Kunstraum B, Kiel (exposition personnelle), Allemagne<\/li>\n<\/ul>\n\n\n\n<p><strong>2021<\/strong><\/p>\n\n\n\n<ul class=\"wp-block-list\">\n<li>Flow du Flou, Salon de la Villa Plagwitzer, Leipzig (exposition personnelle), Allemagne<\/li>\n\n\n\n<li>Let&rsquo;s print Leipzig 4, Mus\u00e9e de l&rsquo;imprimerie, Leipzig, Allemagne<\/li>\n<\/ul>\n\n\n\n<p><strong>2020<\/strong><\/p>\n\n\n\n<ul class=\"wp-block-list\">\n<li>1\u00e8re vente annuelle du Jenaer Kunstverein e.V., Jena, Allemagne<\/li>\n\n\n\n<li>Wintersalon, Mei\u00dfen, Allemagne<\/li>\n\n\n\n<li>Latent Space UNTERGESCHOSS 14, Spinnerei, Leipzig, Allemagne<\/li>\n\n\n\n<li>VOIL\u00c0 ! 30 ans BBK Leipzig, exposition Spinnerei, Leipzig, Allemagne<\/li>\n<\/ul>\n\n\n\n<p><strong>2019<\/strong><\/p>\n\n\n\n<ul class=\"wp-block-list\">\n<li>Freund der Familie, UNTERGESCHOSS 14 Spinnerei, Leipzig, Allemagne<\/li>\n\n\n\n<li>Zukunftsvisionen, Festival des Arts Contemporains, G\u00f6rlitz, Allemagne<\/li>\n\n\n\n<li>Oh Merci ! Dipl\u00f4me de troisi\u00e8me cycle, ancienne biblioth\u00e8que de l&rsquo;Acad\u00e9mie des Arts Burg Giebichenstein, Halle (saale), Allemagne<\/li>\n<\/ul>\n\n\n\n<p><strong>2018<\/strong><\/p>\n\n\n\n<ul class=\"wp-block-list\">\n<li>Pierre, papier et ciseaux, Festival des arts contemporains, Espace ouvert, La Havane, Cuba<\/li>\n<\/ul>\n\n\n\n<p><strong>2017<\/strong><\/p>\n\n\n\n<ul class=\"wp-block-list\">\n<li>Point, Die Box, Leipzig, Allemagne<\/li>\n\n\n\n<li>Changement de position, studio d&rsquo;artiste Prie\u00dfnitzstra\u00dfe 38, Leipzig, Allemagne<\/li>\n\n\n\n<li>Von wegen, Spinnerei, Leipzig, Allemagne<\/li>\n\n\n\n<li>Bitte stehen lassen ; eine Versuchung, Volkspark Gallery, Halle (Saale), Allemagne<\/li>\n<\/ul>\n\n\n\n<p><strong>2016<\/strong><\/p>\n\n\n\n<ul class=\"wp-block-list\">\n<li>Konform, ancien bureau de poste du parc de d\u00e9tail, Lemgo, Allemagne<\/li>\n\n\n\n<li>Avant que \u00e7a ne devienne l&rsquo;un ou l&rsquo;autre, Karambolage, Dresde, Allemagne<\/li>\n<\/ul>\n\n\n<style>.wp-block-kadence-advancedheading.kt-adv-heading277_4c7782-44, .wp-block-kadence-advancedheading.kt-adv-heading277_4c7782-44[data-kb-block=\"kb-adv-heading277_4c7782-44\"]{font-style:normal;}.wp-block-kadence-advancedheading.kt-adv-heading277_4c7782-44 mark.kt-highlight, .wp-block-kadence-advancedheading.kt-adv-heading277_4c7782-44[data-kb-block=\"kb-adv-heading277_4c7782-44\"] mark.kt-highlight{font-style:normal;color:#f76a0c;-webkit-box-decoration-break:clone;box-decoration-break:clone;padding-top:0px;padding-right:0px;padding-bottom:0px;padding-left:0px;}.wp-block-kadence-advancedheading.kt-adv-heading277_4c7782-44 img.kb-inline-image, .wp-block-kadence-advancedheading.kt-adv-heading277_4c7782-44[data-kb-block=\"kb-adv-heading277_4c7782-44\"] img.kb-inline-image{width:150px;vertical-align:baseline;}<\/style>\n<h3 class=\"kt-adv-heading277_4c7782-44 wp-block-kadence-advancedheading\" data-kb-block=\"kb-adv-heading277_4c7782-44\">Bourses d&rsquo;\u00e9tudes \/ Prix \/ R\u00e9sidences<\/h3>\n\n\n\n<p><strong>2023<\/strong><\/p>\n\n\n\n<ul class=\"wp-block-list\">\n<li>Bourse \u00ab\u00a0MACHT KUNST ! Plus d&rsquo;espace pour la cr\u00e9ativit\u00e9 \u00bb de la Deutsche Bank<\/li>\n<\/ul>\n\n\n\n<p><strong>2022<\/strong><\/p>\n\n\n\n<ul class=\"wp-block-list\">\n<li>R\u00e9sidence \u00e0 dieHO Galerie, Magdebourg, Allemagne<\/li>\n\n\n\n<li>Bourse NEUSTART KULTUR \/ Stiftung Kunstfonds, Allemagne<\/li>\n\n\n\n<li>Bourse d&rsquo;\u00e9tudes Acad\u00e9mie d&rsquo;\u00e9t\u00e9 Alfred Toepfer Stiftung F.V.S. Hambourg \/ Ostholstein, Allemagne<\/li>\n\n\n\n<li>YAS Grant \/ Artfair KUNST\/MITTE, Magdebourg, Allemagne<\/li>\n<\/ul>\n\n\n\n<p><strong>2021<\/strong><\/p>\n\n\n\n<ul class=\"wp-block-list\">\n<li>Symposium au Mus\u00e9e de l&rsquo;imprimerie, Leipzig, Allemagne<\/li>\n<\/ul>\n\n\n\n<p><strong>2020<\/strong><\/p>\n\n\n\n<ul class=\"wp-block-list\">\n<li>Bourse Denkzeit &#8211; Kulturstiftung des Freistaates Sachsen, Allemagne<\/li>\n<\/ul>\n\n\n\n<p><strong>2017<\/strong><\/p>\n\n\n\n<ul class=\"wp-block-list\">\n<li>R\u00e9sidence dans \u00ab\u00a0une pi\u00e8ce qui\u2026\u00a0\u00bb, Spinnerei, Leipzig, Allemagne<\/li>\n<\/ul>\n<\/div><\/div>\n\n<\/div><\/div>","protected":false},"excerpt":{"rendered":"<p>Studio Contactez-moi pour une visite de mon atelier. Rue Franz-Flemming. 9 &#8211; 04179 Leipzig CV Cofondateur de la galerie SHOWER \u00e0 Leipzig (2022-2024) \u00c9tudes 2019 &#8211; Dipl\u00f4me de troisi\u00e8me cycle par le professeur Andrea Zaumseil, Burg Giebichenstein, Halle (Saale)2018 &#8211; Programme d&rsquo;\u00e9change, Institut sup\u00e9rieur de l&rsquo;art, La Havane2015 &#8211; Master of Arts, Acad\u00e9mie des Arts,&#8230;<\/p>","protected":false},"author":2,"featured_media":0,"parent":0,"menu_order":0,"comment_status":"closed","ping_status":"closed","template":"","meta":{"_acf_changed":false,"_kad_blocks_custom_css":"","_kad_blocks_head_custom_js":"","_kad_blocks_body_custom_js":"","_kad_blocks_footer_custom_js":"","_kadence_starter_templates_imported_post":false,"_kad_post_transparent":"","_kad_post_title":"","_kad_post_layout":"normal","_kad_post_sidebar_id":"","_kad_post_content_style":"","_kad_post_vertical_padding":"","_kad_post_feature":"","_kad_post_feature_position":"","_kad_post_header":false,"_kad_post_footer":false,"_kad_post_classname":"","footnotes":""},"class_list":["post-277","page","type-page","status-publish","hentry"],"acf":[],"taxonomy_info":[],"featured_image_src_large":false,"author_info":{"display_name":"manon","author_link":"https:\/\/laurianedine.com\/en\/author\/manon\/"},"comment_info":"","_links":{"self":[{"href":"https:\/\/laurianedine.com\/en\/wp-json\/wp\/v2\/pages\/277","targetHints":{"allow":["GET"]}}],"collection":[{"href":"https:\/\/laurianedine.com\/en\/wp-json\/wp\/v2\/pages"}],"about":[{"href":"https:\/\/laurianedine.com\/en\/wp-json\/wp\/v2\/types\/page"}],"author":[{"embeddable":true,"href":"https:\/\/laurianedine.com\/en\/wp-json\/wp\/v2\/users\/2"}],"replies":[{"embeddable":true,"href":"https:\/\/laurianedine.com\/en\/wp-json\/wp\/v2\/comments?post=277"}],"version-history":[{"count":0,"href":"https:\/\/laurianedine.com\/en\/wp-json\/wp\/v2\/pages\/277\/revisions"}],"wp:attachment":[{"href":"https:\/\/laurianedine.com\/en\/wp-json\/wp\/v2\/media?parent=277"}],"curies":[{"name":"wp","href":"https:\/\/api.w.org\/{rel}","templated":true}]}}