{"id":149,"date":"2025-07-01T08:39:24","date_gmt":"2025-07-01T06:39:24","guid":{"rendered":"https:\/\/033.stand.pm\/woo\/?page_id=149"},"modified":"2025-07-06T11:13:08","modified_gmt":"2025-07-06T09:13:08","slug":"legal","status":"publish","type":"page","link":"https:\/\/laurianedine.com\/en\/legal\/","title":{"rendered":"\ud80c\udc80 Imprint"},"content":{"rendered":"<p><strong>Site editor<\/strong><\/p>\n\n\n\n<ul id=\"adresse-mail\" class=\"wp-block-list\">\n<li><strong>Name or company name<\/strong>\u202f: <\/li>\n\n\n\n<li><strong>Legal form<\/strong>\u202f: <\/li>\n\n\n\n<li><strong>Head office address<\/strong>\u202f: <\/li>\n\n\n\n<li><strong>Phone number<\/strong>\u202f: <\/li>\n\n\n\n<li><strong>Contact e-mail address<\/strong>:<\/li>\n\n\n\n<li><strong>Registration number<\/strong>\u202f: <\/li>\n\n\n\n<li><strong>Publishing Director<\/strong>\u202f: <\/li>\n<\/ul>\n\n\n\n<p><strong>Hosting<\/strong><\/p>\n\n\n\n<ul class=\"wp-block-list\">\n<li><strong>Host<\/strong>Stands<\/li>\n\n\n\n<li><strong>Host address<\/strong>Pentone, 20221 Cervioni, EU<\/li>\n<\/ul>\n\n\n\n<p><strong>Intellectual property<\/strong><br>The entire content of the NOMDUSITE.COM site, referred to below as the \u2018Site\u2019: text, images, graphics, logos, icons, sounds, software, etc., is the property of ENTREPRISE, referred to below as the \u2019Company\u2019, and is subject to authorization for use. Any reproduction, representation, modification, publication, adaptation of all or part of the elements of the site, whatever the means or the process used, is forbidden, except with the prior written authorization of the Company.<\/p>\n\n\n\n<p><strong>Terms and conditions of use<\/strong><br>Use of the site implies full acceptance of the general conditions of use described below. These conditions may be modified or supplemented at any time, so site users are advised to consult them regularly.<\/p>\n\n\n\n<p><strong>Personal data protection<\/strong><br>The information collected via the forms on this site is recorded by the Company for statistical analysis of attendance and commercial management. In accordance with the Data Protection Act and the RGPD, you may exercise your rights of access, rectification and opposition to data concerning you by contacting <a href=\"#adresse-mail\">contact e-mail address<\/a> at the top of the page.<\/p>\n\n\n\n<p><strong>Cookies<\/strong><br>The Site uses cookies to improve the user experience, compile statistics on visits and offer tailored services. To find out more and set your cookie preferences, visit our <a href=\"https:\/\/033.stand.pm\/woo\/mentions-legales\/politique-de-confidentialite\/\" data-type=\"page\" data-id=\"160\" target=\"_blank\" rel=\"noopener\">privacy policy<\/a>.<\/p>\n\n\n\n<p><strong>Applicable law and jurisdiction<\/strong><br>Any dispute arising in connection with the use of the Site is subject to French law. Exclusive jurisdiction is granted to the competent courts of the Company's department.<\/p>\n\n\n\n<p><strong>Contact<\/strong><br>For any questions or information about the products or services presented on the site, or about the site itself, you can leave a message at <a href=\"#adresse-mail\">contact e-mail address<\/a> at the top of the page.<\/p>","protected":false},"excerpt":{"rendered":"<p>\u00c9diteur du site H\u00e9bergement Propri\u00e9t\u00e9 intellectuelleL\u2019ensemble du contenu du site NOMDUSITE.COM\u202f, d\u00e9nomm\u00e9 plus bas \u2018\u2019Site\u2019\u2019: textes, images, graphismes, logo, ic\u00f4nes, sons, logiciels, etc., est la propri\u00e9t\u00e9 de ENTREPRISE, d\u00e9nomm\u00e9e plus bas \u2018\u2019Entreprise\u2019\u2019 fait l\u2019objet d\u2019une autorisation d\u2019utilisation. Toute reproduction, repr\u00e9sentation, modification, publication, adaptation de tout ou partie des \u00e9l\u00e9ments du site, quel que soit le&#8230;<\/p>","protected":false},"author":1,"featured_media":0,"parent":0,"menu_order":0,"comment_status":"closed","ping_status":"closed","template":"","meta":{"_acf_changed":false,"_kad_blocks_custom_css":"","_kad_blocks_head_custom_js":"","_kad_blocks_body_custom_js":"","_kad_blocks_footer_custom_js":"","_kadence_starter_templates_imported_post":false,"_kad_post_transparent":"disable","_kad_post_title":"show","_kad_post_layout":"narrow","_kad_post_sidebar_id":"","_kad_post_content_style":"unboxed","_kad_post_vertical_padding":"hide","_kad_post_feature":"hide","_kad_post_feature_position":"","_kad_post_header":false,"_kad_post_footer":false,"_kad_post_classname":"","footnotes":""},"class_list":["post-149","page","type-page","status-publish","hentry"],"acf":[],"taxonomy_info":[],"featured_image_src_large":false,"author_info":{"display_name":"001wm","author_link":"https:\/\/laurianedine.com\/en\/author\/001wm\/"},"comment_info":"","_links":{"self":[{"href":"https:\/\/laurianedine.com\/en\/wp-json\/wp\/v2\/pages\/149","targetHints":{"allow":["GET"]}}],"collection":[{"href":"https:\/\/laurianedine.com\/en\/wp-json\/wp\/v2\/pages"}],"about":[{"href":"https:\/\/laurianedine.com\/en\/wp-json\/wp\/v2\/types\/page"}],"author":[{"embeddable":true,"href":"https:\/\/laurianedine.com\/en\/wp-json\/wp\/v2\/users\/1"}],"replies":[{"embeddable":true,"href":"https:\/\/laurianedine.com\/en\/wp-json\/wp\/v2\/comments?post=149"}],"version-history":[{"count":0,"href":"https:\/\/laurianedine.com\/en\/wp-json\/wp\/v2\/pages\/149\/revisions"}],"wp:attachment":[{"href":"https:\/\/laurianedine.com\/en\/wp-json\/wp\/v2\/media?parent=149"}],"curies":[{"name":"wp","href":"https:\/\/api.w.org\/{rel}","templated":true}]}}